{"id":85,"date":"2026-02-12T12:50:23","date_gmt":"2026-02-12T12:50:23","guid":{"rendered":"https:\/\/www.tecnologiasdelsol.com\/?page_id=85"},"modified":"2026-02-13T07:05:32","modified_gmt":"2026-02-13T07:05:32","slug":"contacta","status":"publish","type":"page","link":"https:\/\/www.tecnologiasdelsol.com\/index.php\/contacta\/","title":{"rendered":"Contacta"},"content":{"rendered":"\n<p>\u00bfTe imaginas tu casa produciendo su propia energ\u00eda mientras reduces gastos mes a mes? Hoy es m\u00e1s f\u00e1cil que nunca dar el paso. Cu\u00e9ntanos tu idea y te ponemos en contacto con especialistas de confianza que pueden ayudarte a hacerlo realidad, sin complicaciones.<\/p>\n","protected":false},"excerpt":{"rendered":"<p>\u00bfTe imaginas tu casa produciendo su propia energ\u00eda mientras reduces gastos mes a mes? Hoy es m\u00e1s f\u00e1cil que nunca dar el paso. Cu\u00e9ntanos tu idea y te ponemos en contacto con especialistas de confianza que pueden ayudarte a hacerlo realidad, sin complicaciones.<\/p>\n","protected":false},"author":1,"featured_media":0,"parent":0,"menu_order":0,"comment_status":"closed","ping_status":"closed","template":"page-templates\/large.php","meta":{"footnotes":""},"class_list":["post-85","page","type-page","status-publish","hentry"],"_links":{"self":[{"href":"https:\/\/www.tecnologiasdelsol.com\/index.php\/wp-json\/wp\/v2\/pages\/85","targetHints":{"allow":["GET"]}}],"collection":[{"href":"https:\/\/www.tecnologiasdelsol.com\/index.php\/wp-json\/wp\/v2\/pages"}],"about":[{"href":"https:\/\/www.tecnologiasdelsol.com\/index.php\/wp-json\/wp\/v2\/types\/page"}],"author":[{"embeddable":true,"href":"https:\/\/www.tecnologiasdelsol.com\/index.php\/wp-json\/wp\/v2\/users\/1"}],"replies":[{"embeddable":true,"href":"https:\/\/www.tecnologiasdelsol.com\/index.php\/wp-json\/wp\/v2\/comments?post=85"}],"version-history":[{"count":1,"href":"https:\/\/www.tecnologiasdelsol.com\/index.php\/wp-json\/wp\/v2\/pages\/85\/revisions"}],"predecessor-version":[{"id":86,"href":"https:\/\/www.tecnologiasdelsol.com\/index.php\/wp-json\/wp\/v2\/pages\/85\/revisions\/86"}],"wp:attachment":[{"href":"https:\/\/www.tecnologiasdelsol.com\/index.php\/wp-json\/wp\/v2\/media?parent=85"}],"curies":[{"name":"wp","href":"https:\/\/api.w.org\/{rel}","templated":true}]}}